{"id":8222,"date":"2026-02-19T17:19:11","date_gmt":"2026-02-19T17:19:11","guid":{"rendered":"https:\/\/taori.eu\/taori-kontaktiere-uns\/"},"modified":"2026-04-13T13:36:34","modified_gmt":"2026-04-13T13:36:34","slug":"kontakt","status":"publish","type":"page","link":"https:\/\/taori.eu\/de\/kontakt\/","title":{"rendered":"Taori kontaktiere uns"},"content":{"rendered":"\t\t<div data-elementor-type=\"wp-page\" data-elementor-id=\"8222\" class=\"elementor elementor-8222 elementor-7297\">\n\t\t\t\t<div class=\"elementor-element elementor-element-962f039 e-flex e-con-boxed e-con e-parent\" data-id=\"962f039\" data-element_type=\"container\" data-e-type=\"container\">\n\t\t\t\t\t<div class=\"e-con-inner\">\n\t\t\t\t<div class=\"elementor-element elementor-element-ff3f1a8 elementor-widget elementor-widget-image\" data-id=\"ff3f1a8\" data-element_type=\"widget\" data-e-type=\"widget\" data-widget_type=\"image.default\">\n\t\t\t\t\t\t\t\t\t\t\t\t\t\t\t<img decoding=\"async\" width=\"300\" height=\"149\" src=\"https:\/\/taori.eu\/wp-content\/uploads\/2026\/02\/logo-1-e1771425677915-300x149.png\" class=\"attachment-medium size-medium wp-image-8204\" alt=\"\" srcset=\"https:\/\/taori.eu\/wp-content\/uploads\/2026\/02\/logo-1-e1771425677915-300x149.png 300w, https:\/\/taori.eu\/wp-content\/uploads\/2026\/02\/logo-1-e1771425677915-1024x509.png 1024w, https:\/\/taori.eu\/wp-content\/uploads\/2026\/02\/logo-1-e1771425677915-768x382.png 768w, https:\/\/taori.eu\/wp-content\/uploads\/2026\/02\/logo-1-e1771425677915-1536x763.png 1536w, https:\/\/taori.eu\/wp-content\/uploads\/2026\/02\/logo-1-e1771425677915-1300x650.png 1300w, https:\/\/taori.eu\/wp-content\/uploads\/2026\/02\/logo-1-e1771425677915.png 1783w\" sizes=\"(max-width: 300px) 100vw, 300px\" \/>\t\t\t\t\t\t\t\t\t\t\t\t\t\t\t<\/div>\n\t\t\t\t<div class=\"elementor-element elementor-element-883ec80 elementor-widget elementor-widget-spacer\" data-id=\"883ec80\" data-element_type=\"widget\" data-e-type=\"widget\" data-widget_type=\"spacer.default\">\n\t\t\t\t\t\t\t<div class=\"elementor-spacer\">\n\t\t\t<div class=\"elementor-spacer-inner\"><\/div>\n\t\t<\/div>\n\t\t\t\t\t\t<\/div>\n\t\t\t\t\t<\/div>\n\t\t\t\t<\/div>\n\t\t<div class=\"elementor-element elementor-element-9b639c2 e-con-full e-flex e-con e-parent\" data-id=\"9b639c2\" data-element_type=\"container\" data-e-type=\"container\">\n\t\t<div class=\"elementor-element elementor-element-6ffa5a5 e-con-full e-flex e-con e-child\" data-id=\"6ffa5a5\" data-element_type=\"container\" data-e-type=\"container\">\n\t\t\t\t<div class=\"elementor-element elementor-element-799918b elementor-widget elementor-widget-neotek_core_single_image\" data-id=\"799918b\" data-element_type=\"widget\" data-e-type=\"widget\" data-widget_type=\"neotek_core_single_image.default\">\n\t\t\t\t<div class=\"elementor-widget-container\">\n\t\t\t\t\t<div class=\"qodef-shortcode qodef-m qodef-single-image qodef-layout--default qodef-fit-img-height\"   data-appear-delay=\"0\">\n\t\t\t<div class=\"qodef-m-image\">\n\t\t\t\t\t\t\t\t<img fetchpriority=\"high\" decoding=\"async\" width=\"1707\" height=\"2560\" src=\"https:\/\/taori.eu\/wp-content\/uploads\/2026\/03\/pexels-tima-miroshnichenko-5198272-scaled.jpg\" class=\"attachment-full size-full\" alt=\"\" srcset=\"https:\/\/taori.eu\/wp-content\/uploads\/2026\/03\/pexels-tima-miroshnichenko-5198272-scaled.jpg 1707w, https:\/\/taori.eu\/wp-content\/uploads\/2026\/03\/pexels-tima-miroshnichenko-5198272-200x300.jpg 200w, https:\/\/taori.eu\/wp-content\/uploads\/2026\/03\/pexels-tima-miroshnichenko-5198272-683x1024.jpg 683w, https:\/\/taori.eu\/wp-content\/uploads\/2026\/03\/pexels-tima-miroshnichenko-5198272-768x1152.jpg 768w, https:\/\/taori.eu\/wp-content\/uploads\/2026\/03\/pexels-tima-miroshnichenko-5198272-1024x1536.jpg 1024w, https:\/\/taori.eu\/wp-content\/uploads\/2026\/03\/pexels-tima-miroshnichenko-5198272-1365x2048.jpg 1365w\" sizes=\"(max-width: 1707px) 100vw, 1707px\" \/>\t\t\t\t\t\t\t<\/div>\n\t<\/div>\n\t\t\t\t<\/div>\n\t\t\t\t<\/div>\n\t\t\t\t<\/div>\n\t\t<div class=\"elementor-element elementor-element-97823cc e-con-full e-flex e-con e-child\" data-id=\"97823cc\" data-element_type=\"container\" data-e-type=\"container\">\n\t\t<div class=\"elementor-element elementor-element-d8464e4 e-con-full e-flex e-con e-child\" data-id=\"d8464e4\" data-element_type=\"container\" data-e-type=\"container\">\n\t\t\t\t<div class=\"elementor-element elementor-element-493a499 elementor-widget__width-initial elementor-widget elementor-widget-neotek_core_custom_font\" data-id=\"493a499\" data-element_type=\"widget\" data-e-type=\"widget\" data-widget_type=\"neotek_core_custom_font.default\">\n\t\t\t\t<div class=\"elementor-widget-container\">\n\t\t\t\t\t<p class=\"qodef-shortcode qodef-m qodef-custom-font qodef-custom-font-983 qodef-layout--simple\" style=\"font-family: Archivo;font-size: 50px;line-height: 45px;font-weight: 700;text-align: left\">Kontaktieren Sie uns<\/p>\n\t\t\t\t<\/div>\n\t\t\t\t<\/div>\n\t\t\t\t<\/div>\n\t\t<div class=\"elementor-element elementor-element-5be71c2 e-con-full e-flex e-con e-child\" data-id=\"5be71c2\" data-element_type=\"container\" data-e-type=\"container\">\n\t\t\t\t<div class=\"elementor-element elementor-element-d5cc93c elementor-widget elementor-widget-neotek_core_section_title\" data-id=\"d5cc93c\" data-element_type=\"widget\" data-e-type=\"widget\" data-widget_type=\"neotek_core_section_title.default\">\n\t\t\t\t<div class=\"elementor-widget-container\">\n\t\t\t\t\t<div class=\"qodef-shortcode qodef-m qodef-section-title qodef-alignment--left\">\n\t\t\t<h5 class=\"qodef-m-subtitle\" >\n\t\t\t\t\tM\u00f6chten Sie mehr \u00fcber unsere Datenlogger L\u00f6sung oder unsere technischen Dienstleistungen erfahren? Erz\u00e4hlen Sie uns von Ihrem Projekt oder fordern Sie eine Produkt Demo an. Sie k\u00f6nnen uns auch eine E-Mail an info@taori.eu schreiben.\t\t\t<\/h5>\n\t<\/div>\n\t\t\t\t<\/div>\n\t\t\t\t<\/div>\n\t\t\t\t<div class=\"elementor-element elementor-element-f23ba9c elementor-widget__width-initial elementor-widget elementor-widget-wp-widget-neotek_core_contact_form_7\" data-id=\"f23ba9c\" data-element_type=\"widget\" data-e-type=\"widget\" data-widget_type=\"wp-widget-neotek_core_contact_form_7.default\">\n\t\t\t\t<div class=\"elementor-widget-container\">\n\t\t\t\t\t\t\t\t<div class=\"qodef-contact-form-7\">\n\t\t\t\t\n<div class=\"wpcf7 no-js\" id=\"wpcf7-f8376-o1\" lang=\"de-DE\" dir=\"ltr\" data-wpcf7-id=\"8376\">\n<div class=\"screen-reader-response\"><p role=\"status\" aria-live=\"polite\" aria-atomic=\"true\"><\/p> <ul><\/ul><\/div>\n<form action=\"\/de\/wp-json\/wp\/v2\/pages\/8222#wpcf7-f8376-o1\" method=\"post\" class=\"wpcf7-form init\" aria-label=\"Kontaktformular\" novalidate=\"novalidate\" data-status=\"init\">\n<fieldset class=\"hidden-fields-container\"><input type=\"hidden\" name=\"_wpcf7\" value=\"8376\" \/><input type=\"hidden\" name=\"_wpcf7_version\" value=\"6.1.5\" \/><input type=\"hidden\" name=\"_wpcf7_locale\" value=\"de_DE\" \/><input type=\"hidden\" name=\"_wpcf7_unit_tag\" value=\"wpcf7-f8376-o1\" \/><input type=\"hidden\" name=\"_wpcf7_container_post\" value=\"0\" \/><input type=\"hidden\" name=\"_wpcf7_posted_data_hash\" value=\"\" \/>\n<\/fieldset>\n<span class=\"wpcf7-form-control-wrap\" data-name=\"first_name\"><input size=\"40\" maxlength=\"400\" class=\"wpcf7-form-control wpcf7-text wpcf7-validates-as-required\" aria-required=\"true\" aria-invalid=\"false\" placeholder=\"Name*\" value=\"\" type=\"text\" name=\"first_name\" \/><\/span>\n<span class=\"wpcf7-form-control-wrap\" data-name=\"email\"><input size=\"40\" maxlength=\"400\" class=\"wpcf7-form-control wpcf7-email wpcf7-validates-as-required wpcf7-text wpcf7-validates-as-email\" aria-required=\"true\" aria-invalid=\"false\" placeholder=\"Email addresse*\" value=\"\" type=\"email\" name=\"email\" \/><\/span>\n<span class=\"wpcf7-form-control-wrap\" data-name=\"message\"><textarea cols=\"40\" rows=\"10\" maxlength=\"800\" class=\"wpcf7-form-control wpcf7-textarea wpcf7-validates-as-required\" aria-required=\"true\" aria-invalid=\"false\" placeholder=\"Ihre Nachricht hier\" name=\"message\"><\/textarea><\/span>\n<button class=\"wpcf7-form-control wpcf7-submit qodef-button qodef-size--normal qodef-layout--filled qodef-m\" type=\"submit\"><span class=\"qodef-m-text\">Senden<\/span><\/button><div class=\"wpcf7-response-output\" aria-hidden=\"true\"><\/div>\n<\/form>\n<\/div>\n\t\t\t<\/div>\n\t\t\t\t\t\t\t<\/div>\n\t\t\t\t<\/div>\n\t\t\t\t<\/div>\n\t\t\t\t<\/div>\n\t\t\t\t<\/div>\n\t\t<div class=\"elementor-element elementor-element-fb6d7e0 e-flex e-con-boxed e-con e-parent\" data-id=\"fb6d7e0\" data-element_type=\"container\" data-e-type=\"container\">\n\t\t\t\t\t<div class=\"e-con-inner\">\n\t\t\t\t<div class=\"elementor-element elementor-element-28acf2c elementor-widget elementor-widget-spacer\" data-id=\"28acf2c\" data-element_type=\"widget\" data-e-type=\"widget\" data-widget_type=\"spacer.default\">\n\t\t\t\t\t\t\t<div class=\"elementor-spacer\">\n\t\t\t<div class=\"elementor-spacer-inner\"><\/div>\n\t\t<\/div>\n\t\t\t\t\t\t<\/div>\n\t\t\t\t\t<\/div>\n\t\t\t\t<\/div>\n\t\t\t\t<\/div>\n\t\t","protected":false},"excerpt":{"rendered":"<p>Kontaktieren Sie uns M\u00f6chten Sie mehr \u00fcber unsere Datenlogger L\u00f6sung oder unsere technischen Dienstleistungen erfahren? Erz\u00e4hlen Sie uns von Ihrem Projekt oder fordern Sie eine Produkt Demo an. Sie k\u00f6nnen uns auch eine E-Mail an info@taori.eu schreiben.<\/p>\n","protected":false},"author":1,"featured_media":8203,"parent":0,"menu_order":0,"comment_status":"closed","ping_status":"closed","template":"page-full-width.php","meta":{"footnotes":""},"class_list":["post-8222","page","type-page","status-publish","has-post-thumbnail","hentry"],"_links":{"self":[{"href":"https:\/\/taori.eu\/de\/wp-json\/wp\/v2\/pages\/8222","targetHints":{"allow":["GET"]}}],"collection":[{"href":"https:\/\/taori.eu\/de\/wp-json\/wp\/v2\/pages"}],"about":[{"href":"https:\/\/taori.eu\/de\/wp-json\/wp\/v2\/types\/page"}],"author":[{"embeddable":true,"href":"https:\/\/taori.eu\/de\/wp-json\/wp\/v2\/users\/1"}],"replies":[{"embeddable":true,"href":"https:\/\/taori.eu\/de\/wp-json\/wp\/v2\/comments?post=8222"}],"version-history":[{"count":3,"href":"https:\/\/taori.eu\/de\/wp-json\/wp\/v2\/pages\/8222\/revisions"}],"predecessor-version":[{"id":8327,"href":"https:\/\/taori.eu\/de\/wp-json\/wp\/v2\/pages\/8222\/revisions\/8327"}],"wp:featuredmedia":[{"embeddable":true,"href":"https:\/\/taori.eu\/de\/wp-json\/wp\/v2\/media\/8203"}],"wp:attachment":[{"href":"https:\/\/taori.eu\/de\/wp-json\/wp\/v2\/media?parent=8222"}],"curies":[{"name":"wp","href":"https:\/\/api.w.org\/{rel}","templated":true}]}}