{"id":8236,"date":"2026-03-02T10:16:40","date_gmt":"2026-03-02T10:16:40","guid":{"rendered":"https:\/\/taori.eu\/taori-impressum\/"},"modified":"2026-04-13T13:36:25","modified_gmt":"2026-04-13T13:36:25","slug":"impressum","status":"publish","type":"page","link":"https:\/\/taori.eu\/de\/impressum\/","title":{"rendered":"Taori Impressum"},"content":{"rendered":"\t\t<div data-elementor-type=\"wp-page\" data-elementor-id=\"8236\" class=\"elementor elementor-8236 elementor-7640\">\n\t\t\t\t<div class=\"elementor-element elementor-element-962f039 e-flex e-con-boxed e-con e-parent\" data-id=\"962f039\" data-element_type=\"container\" data-e-type=\"container\">\n\t\t\t\t\t<div class=\"e-con-inner\">\n\t\t\t\t<div class=\"elementor-element elementor-element-ff3f1a8 elementor-widget elementor-widget-image\" data-id=\"ff3f1a8\" data-element_type=\"widget\" data-e-type=\"widget\" data-widget_type=\"image.default\">\n\t\t\t\t\t\t\t\t\t\t\t\t\t\t\t<img decoding=\"async\" width=\"300\" height=\"149\" src=\"https:\/\/taori.eu\/wp-content\/uploads\/2026\/02\/logo-1-e1771425677915-300x149.png\" class=\"attachment-medium size-medium wp-image-8204\" alt=\"\" srcset=\"https:\/\/taori.eu\/wp-content\/uploads\/2026\/02\/logo-1-e1771425677915-300x149.png 300w, https:\/\/taori.eu\/wp-content\/uploads\/2026\/02\/logo-1-e1771425677915-1024x509.png 1024w, https:\/\/taori.eu\/wp-content\/uploads\/2026\/02\/logo-1-e1771425677915-768x382.png 768w, https:\/\/taori.eu\/wp-content\/uploads\/2026\/02\/logo-1-e1771425677915-1536x763.png 1536w, https:\/\/taori.eu\/wp-content\/uploads\/2026\/02\/logo-1-e1771425677915-1300x650.png 1300w, https:\/\/taori.eu\/wp-content\/uploads\/2026\/02\/logo-1-e1771425677915.png 1783w\" sizes=\"(max-width: 300px) 100vw, 300px\" \/>\t\t\t\t\t\t\t\t\t\t\t\t\t\t\t<\/div>\n\t\t\t\t<div class=\"elementor-element elementor-element-883ec80 elementor-widget elementor-widget-spacer\" data-id=\"883ec80\" data-element_type=\"widget\" data-e-type=\"widget\" data-widget_type=\"spacer.default\">\n\t\t\t\t\t\t\t<div class=\"elementor-spacer\">\n\t\t\t<div class=\"elementor-spacer-inner\"><\/div>\n\t\t<\/div>\n\t\t\t\t\t\t<\/div>\n\t\t\t\t\t<\/div>\n\t\t\t\t<\/div>\n\t\t<div class=\"elementor-element elementor-element-9b639c2 e-con-full e-flex e-con e-parent\" data-id=\"9b639c2\" data-element_type=\"container\" data-e-type=\"container\">\n\t\t<div class=\"elementor-element elementor-element-6ffa5a5 e-con-full e-flex e-con e-child\" data-id=\"6ffa5a5\" data-element_type=\"container\" data-e-type=\"container\">\n\t\t\t\t<\/div>\n\t\t<div class=\"elementor-element elementor-element-97823cc e-con-full e-flex e-con e-child\" data-id=\"97823cc\" data-element_type=\"container\" data-e-type=\"container\">\n\t\t<div class=\"elementor-element elementor-element-d8464e4 e-con-full e-flex e-con e-child\" data-id=\"d8464e4\" data-element_type=\"container\" data-e-type=\"container\">\n\t\t\t\t<div class=\"elementor-element elementor-element-493a499 elementor-widget__width-initial elementor-widget elementor-widget-neotek_core_custom_font\" data-id=\"493a499\" data-element_type=\"widget\" data-e-type=\"widget\" data-widget_type=\"neotek_core_custom_font.default\">\n\t\t\t\t<div class=\"elementor-widget-container\">\n\t\t\t\t\t<p class=\"qodef-shortcode qodef-m qodef-custom-font qodef-custom-font-670 qodef-layout--simple\" style=\"font-family: Archivo;font-size: 30px;line-height: 45px;font-weight: 700;text-align: left\">Impressum<\/p>\n\t\t\t\t<\/div>\n\t\t\t\t<\/div>\n\t\t\t\t<\/div>\n\t\t<div class=\"elementor-element elementor-element-5be71c2 e-con-full e-flex e-con e-child\" data-id=\"5be71c2\" data-element_type=\"container\" data-e-type=\"container\">\n\t\t\t\t<div class=\"elementor-element elementor-element-d44b798 elementor-widget elementor-widget-text-editor\" data-id=\"d44b798\" data-element_type=\"widget\" data-e-type=\"widget\" data-widget_type=\"text-editor.default\">\n\t\t\t\t\t\t\t\t\t<p>Diese Website wird bereitgestellt von:<\/p><p><strong>Taori UG (haftungsbeschr\u00e4nkt)<\/strong><\/p><p>Bevollm\u00e4chtigter Vertreter:<\/p><p>Jasmin Tesch<\/p><p>Carl-Mez-Stra\u00dfe 69<\/p><p>79114 Freiburg im Breisgau<\/p><p>E-Mail: info@taori.eu<\/p><p>Eingetragen im Handelsregister des Amtsgerichts Freiburg unter HRB 735131.<\/p><p>Umsatzsteuer-Identifikationsnummer gem\u00e4\u00df \u00a7 27 UStG: DE461067044<\/p><p>Verantwortlich f\u00fcr den Inhalt gem\u00e4\u00df \u00a7 18 Abs. 2 MStV: Jasmin Tesch<\/p>\t\t\t\t\t\t\t\t<\/div>\n\t\t\t\t<div class=\"elementor-element elementor-element-cb2a58e elementor-widget elementor-widget-spacer\" data-id=\"cb2a58e\" data-element_type=\"widget\" data-e-type=\"widget\" data-widget_type=\"spacer.default\">\n\t\t\t\t\t\t\t<div class=\"elementor-spacer\">\n\t\t\t<div class=\"elementor-spacer-inner\"><\/div>\n\t\t<\/div>\n\t\t\t\t\t\t<\/div>\n\t\t\t\t<\/div>\n\t\t\t\t<\/div>\n\t\t\t\t<\/div>\n\t\t\t\t<\/div>\n\t\t","protected":false},"excerpt":{"rendered":"<p>Impressum Diese Website wird bereitgestellt von: Taori UG (haftungsbeschr\u00e4nkt) Bevollm\u00e4chtigter Vertreter: Jasmin Tesch Carl-Mez-Stra\u00dfe 69 79114 Freiburg im Breisgau E-Mail: info@taori.eu Eingetragen im Handelsregister des Amtsgerichts Freiburg unter HRB 735131. Umsatzsteuer-Identifikationsnummer gem\u00e4\u00df \u00a7 27 UStG: DE461067044 Verantwortlich f\u00fcr den Inhalt gem\u00e4\u00df \u00a7 18 Abs. 2 MStV: Jasmin Tesch<\/p>\n","protected":false},"author":1,"featured_media":8203,"parent":0,"menu_order":0,"comment_status":"closed","ping_status":"closed","template":"page-full-width.php","meta":{"footnotes":""},"class_list":["post-8236","page","type-page","status-publish","has-post-thumbnail","hentry"],"_links":{"self":[{"href":"https:\/\/taori.eu\/de\/wp-json\/wp\/v2\/pages\/8236","targetHints":{"allow":["GET"]}}],"collection":[{"href":"https:\/\/taori.eu\/de\/wp-json\/wp\/v2\/pages"}],"about":[{"href":"https:\/\/taori.eu\/de\/wp-json\/wp\/v2\/types\/page"}],"author":[{"embeddable":true,"href":"https:\/\/taori.eu\/de\/wp-json\/wp\/v2\/users\/1"}],"replies":[{"embeddable":true,"href":"https:\/\/taori.eu\/de\/wp-json\/wp\/v2\/comments?post=8236"}],"version-history":[{"count":5,"href":"https:\/\/taori.eu\/de\/wp-json\/wp\/v2\/pages\/8236\/revisions"}],"predecessor-version":[{"id":8353,"href":"https:\/\/taori.eu\/de\/wp-json\/wp\/v2\/pages\/8236\/revisions\/8353"}],"wp:featuredmedia":[{"embeddable":true,"href":"https:\/\/taori.eu\/de\/wp-json\/wp\/v2\/media\/8203"}],"wp:attachment":[{"href":"https:\/\/taori.eu\/de\/wp-json\/wp\/v2\/media?parent=8236"}],"curies":[{"name":"wp","href":"https:\/\/api.w.org\/{rel}","templated":true}]}}