{"id":8238,"date":"2026-03-02T10:28:21","date_gmt":"2026-03-02T10:28:21","guid":{"rendered":"https:\/\/taori.eu\/taori-datenschutzbestimmungen\/"},"modified":"2026-04-13T13:36:11","modified_gmt":"2026-04-13T13:36:11","slug":"datenschutzbestimmungen","status":"publish","type":"page","link":"https:\/\/taori.eu\/de\/datenschutzbestimmungen\/","title":{"rendered":"Taori Datenschutzbestimmungen"},"content":{"rendered":"\t\t<div data-elementor-type=\"wp-page\" data-elementor-id=\"8238\" class=\"elementor elementor-8238 elementor-7646\">\n\t\t\t\t<div class=\"elementor-element elementor-element-962f039 e-flex e-con-boxed e-con e-parent\" data-id=\"962f039\" data-element_type=\"container\" data-e-type=\"container\">\n\t\t\t\t\t<div class=\"e-con-inner\">\n\t\t\t\t<div class=\"elementor-element elementor-element-ff3f1a8 elementor-widget elementor-widget-image\" data-id=\"ff3f1a8\" data-element_type=\"widget\" data-e-type=\"widget\" data-widget_type=\"image.default\">\n\t\t\t\t\t\t\t\t\t\t\t\t\t\t\t<img decoding=\"async\" width=\"300\" height=\"149\" src=\"https:\/\/taori.eu\/wp-content\/uploads\/2026\/02\/logo-1-e1771425677915-300x149.png\" class=\"attachment-medium size-medium wp-image-8204\" alt=\"\" srcset=\"https:\/\/taori.eu\/wp-content\/uploads\/2026\/02\/logo-1-e1771425677915-300x149.png 300w, https:\/\/taori.eu\/wp-content\/uploads\/2026\/02\/logo-1-e1771425677915-1024x509.png 1024w, https:\/\/taori.eu\/wp-content\/uploads\/2026\/02\/logo-1-e1771425677915-768x382.png 768w, https:\/\/taori.eu\/wp-content\/uploads\/2026\/02\/logo-1-e1771425677915-1536x763.png 1536w, https:\/\/taori.eu\/wp-content\/uploads\/2026\/02\/logo-1-e1771425677915-1300x650.png 1300w, https:\/\/taori.eu\/wp-content\/uploads\/2026\/02\/logo-1-e1771425677915.png 1783w\" sizes=\"(max-width: 300px) 100vw, 300px\" \/>\t\t\t\t\t\t\t\t\t\t\t\t\t\t\t<\/div>\n\t\t\t\t<div class=\"elementor-element elementor-element-883ec80 elementor-widget elementor-widget-spacer\" data-id=\"883ec80\" data-element_type=\"widget\" data-e-type=\"widget\" data-widget_type=\"spacer.default\">\n\t\t\t\t\t\t\t<div class=\"elementor-spacer\">\n\t\t\t<div class=\"elementor-spacer-inner\"><\/div>\n\t\t<\/div>\n\t\t\t\t\t\t<\/div>\n\t\t\t\t\t<\/div>\n\t\t\t\t<\/div>\n\t\t<div class=\"elementor-element elementor-element-9b639c2 e-con-full e-flex e-con e-parent\" data-id=\"9b639c2\" data-element_type=\"container\" data-e-type=\"container\">\n\t\t<div class=\"elementor-element elementor-element-6ffa5a5 e-con-full e-flex e-con e-child\" data-id=\"6ffa5a5\" data-element_type=\"container\" data-e-type=\"container\">\n\t\t\t\t<\/div>\n\t\t<div class=\"elementor-element elementor-element-97823cc e-con-full e-flex e-con e-child\" data-id=\"97823cc\" data-element_type=\"container\" data-e-type=\"container\">\n\t\t<div class=\"elementor-element elementor-element-d8464e4 e-con-full e-flex e-con e-child\" data-id=\"d8464e4\" data-element_type=\"container\" data-e-type=\"container\">\n\t\t\t\t<div class=\"elementor-element elementor-element-493a499 elementor-widget__width-initial elementor-widget elementor-widget-neotek_core_custom_font\" data-id=\"493a499\" data-element_type=\"widget\" data-e-type=\"widget\" data-widget_type=\"neotek_core_custom_font.default\">\n\t\t\t\t<div class=\"elementor-widget-container\">\n\t\t\t\t\t<p class=\"qodef-shortcode qodef-m qodef-custom-font qodef-custom-font-41 qodef-layout--simple\" style=\"font-family: Archivo;font-size: 45px;line-height: 45px;font-weight: 700;text-align: left\">Datenschutzbestimmungen<\/p>\n\t\t\t\t<\/div>\n\t\t\t\t<\/div>\n\t\t\t\t<\/div>\n\t\t<div class=\"elementor-element elementor-element-5be71c2 e-con-full e-flex e-con e-child\" data-id=\"5be71c2\" data-element_type=\"container\" data-e-type=\"container\">\n\t\t\t\t<div class=\"elementor-element elementor-element-d44b798 elementor-widget elementor-widget-text-editor\" data-id=\"d44b798\" data-element_type=\"widget\" data-e-type=\"widget\" data-widget_type=\"text-editor.default\">\n\t\t\t\t\t\t\t\t\t<h3 data-start=\"132\" data-end=\"165\">1. Datenschutz im \u00dcberblick<\/h3><h4 data-start=\"167\" data-end=\"190\">Allgemeine Informationen<\/h4><p data-start=\"192\" data-end=\"485\">Die folgenden Informationen geben einen einfachen \u00dcberblick dar\u00fcber, was mit Ihren pers\u00f6nlichen Daten geschieht, wenn Sie diese Website besuchen. Personenbezogene Daten sind alle Daten, mit denen Sie pers\u00f6nlich identifiziert werden k\u00f6nnen. Ausf\u00fchrliche Informationen zum Thema Datenschutz finden Sie in der unten aufgef\u00fchrten Datenschutzerkl\u00e4rung.  <\/p><h4 data-start=\"524\" data-end=\"557\">Wie sammeln wir Ihre Daten?<\/h4><p data-start=\"559\" data-end=\"688\">Ihre Daten werden zum Teil erfasst, wenn Sie sie uns zur Verf\u00fcgung stellen. Dies k\u00f6nnen zum Beispiel Daten sein, die Sie in ein Kontaktformular eingeben. <\/p><p data-start=\"690\" data-end=\"980\">Andere Daten werden automatisch oder nach Ihrer Zustimmung erhoben, wenn Sie die Website \u00fcber unsere IT-Systeme besuchen. Dazu geh\u00f6ren vor allem technische Daten (z.B. Internet-Browser, Betriebssystem oder Zeitpunkt des Seitenaufrufs). Diese Daten werden automatisch erfasst, sobald Sie auf diese Website zugreifen.  <\/p><h4 data-start=\"982\" data-end=\"1016\">Wof\u00fcr verwenden wir Ihre Daten?<\/h4><p data-start=\"1018\" data-end=\"1151\">Einige der Daten werden gesammelt, um die fehlerfreie Bereitstellung der Website zu gew\u00e4hrleisten. Andere Daten k\u00f6nnen zur Analyse Ihres Nutzerverhaltens verwendet werden. <\/p><h3 data-start=\"1158\" data-end=\"1171\">2. Hosting<\/h3><h4 data-start=\"1173\" data-end=\"1182\">IONOS<\/h4><p data-start=\"1184\" data-end=\"1291\">Wir hosten unsere Website bei IONOS SE, Elgendorfer Str. 57, 56410 Montabaur, Deutschland (im Folgenden &#8222;IONOS&#8220;). <\/p><p data-start=\"1293\" data-end=\"1381\">Wenn Sie unsere Website besuchen, sammelt IONOS verschiedene Protokolldateien, einschlie\u00dflich Ihrer IP-Adresse.<\/p><p data-start=\"1383\" data-end=\"1484\">Einzelheiten finden Sie in der IONOS-Datenschutzrichtlinie:<br data-start=\"1437\" data-end=\"1440\">https:\/\/www.ionos.de\/datenschutzerklaerung<\/p><p>Die Nutzung von IONOS basiert auf Art. 6(1)(f) GDPR. Wir haben ein berechtigtes Interesse daran, eine m\u00f6glichst zuverl\u00e4ssige Darstellung unserer Website zu gew\u00e4hrleisten. Wenn eine entsprechende Einwilligung eingeholt wurde, erfolgt die Verarbeitung ausschlie\u00dflich auf der Grundlage von Art. 6(1)(a) GDPR und \u00a7 25(1) TDDDG, sofern die Einwilligung die Speicherung von Cookies oder den Zugriff auf Informationen auf dem Ger\u00e4t des Nutzers (z.B. Device Fingerprinting) umfasst. Die Einwilligung kann jederzeit widerrufen werden.   <\/p><h4 data-start=\"1934\" data-end=\"1963\">Vereinbarung zur Datenverarbeitung<\/h4><p data-start=\"1965\" data-end=\"2230\">Wir haben einen Datenverarbeitungsvertrag (Data Processing Agreement, DPA) mit dem oben genannten Anbieter abgeschlossen. Dieser gesetzlich vorgeschriebene Vertrag stellt sicher, dass der Anbieter die personenbezogenen Daten unserer Website-Besucher nur gem\u00e4\u00df unseren Anweisungen und in \u00dcbereinstimmung mit der DSGVO verarbeitet. <\/p><h3 data-start=\"2237\" data-end=\"2288\">3. Allgemeine Informationen und obligatorische Informationen<\/h3><h4 data-start=\"2290\" data-end=\"2309\">Schutz der Daten<\/h4><p data-start=\"2311\" data-end=\"2527\">Die Betreiber dieser Website nehmen den Schutz Ihrer pers\u00f6nlichen Daten sehr ernst. Wir behandeln Ihre personenbezogenen Daten vertraulich und entsprechend der gesetzlichen Datenschutzvorschriften sowie dieser Datenschutzerkl\u00e4rung. <\/p><p data-start=\"2529\" data-end=\"2721\">Wenn Sie diese Website nutzen, werden verschiedene pers\u00f6nliche Daten erhoben. Diese Datenschutzerkl\u00e4rung erl\u00e4utert, welche Daten wir sammeln und wof\u00fcr wir sie verwenden. Sie erkl\u00e4rt auch, wie und zu welchem Zweck dies geschieht.  <\/p><p data-start=\"2723\" data-end=\"2918\">Bitte beachten Sie, dass die Daten\u00fcbertragung im Internet (z.B. bei der Kommunikation per E-Mail) Sicherheitsl\u00fccken aufweisen kann. Ein l\u00fcckenloser Schutz der Daten vor dem Zugriff durch Dritte ist nicht m\u00f6glich. <\/p><h4 data-start=\"2925\" data-end=\"2939\">Controller<\/h4><p data-start=\"2941\" data-end=\"3007\">Der Verantwortliche f\u00fcr die Datenverarbeitung auf dieser Website ist:<\/p><p data-start=\"3009\" data-end=\"3120\">Taori UG (haftungsbeschr\u00e4nkt)<br data-start=\"3037\" data-end=\"3040\">Carl-Mez-Stra\u00dfe 69<br data-start=\"3058\" data-end=\"3061\">79114 Freiburg im Breisgau<br data-start=\"3087\" data-end=\"3090\">Deutschland<br data-start=\"3097\" data-end=\"3100\">Email: info@taori.eu<\/p><p data-start=\"3122\" data-end=\"3263\">Der f\u00fcr die Verarbeitung Verantwortliche ist die nat\u00fcrliche oder juristische Person, die allein oder gemeinsam mit anderen \u00fcber die Zwecke und Mittel der Verarbeitung personenbezogener Daten entscheidet.<\/p><h4 data-start=\"3270\" data-end=\"3288\">Lagerzeit<\/h4><p data-start=\"3290\" data-end=\"3461\">Sofern in dieser Datenschutzerkl\u00e4rung keine genauere Aufbewahrungsfrist angegeben ist, verbleiben Ihre personenbezogenen Daten bei uns, bis der Zweck der Datenverarbeitung entf\u00e4llt.<\/p><p data-start=\"3463\" data-end=\"3780\">Wenn Sie einen berechtigten Antrag auf L\u00f6schung geltend machen oder Ihre Einwilligung zur Datenverarbeitung widerrufen, werden Ihre Daten gel\u00f6scht, es sei denn, wir haben andere gesetzlich zul\u00e4ssige Gr\u00fcnde f\u00fcr die Speicherung Ihrer personenbezogenen Daten (z.B. steuerliche oder handelsrechtliche Aufbewahrungsfristen). Im letzteren Fall erfolgt die L\u00f6schung, nachdem diese Gr\u00fcnde weggefallen sind. <\/p><h4 data-start=\"3787\" data-end=\"3822\">Rechtsgrundlagen f\u00fcr die Datenverarbeitung<\/h4><p data-start=\"3824\" data-end=\"4001\">Wenn Sie in die Datenverarbeitung eingewilligt haben, verarbeiten wir Ihre personenbezogenen Daten auf der Grundlage von Art. 6(1)(a) GDPR oder Art. 9(2)(a) GDPR (wenn besondere Kategorien von Daten verarbeitet werden).<\/p><p data-start=\"4003\" data-end=\"4195\">Wenn Sie in die Speicherung von Cookies oder den Zugriff auf Informationen auf Ihrem Ger\u00e4t eingewilligt haben, erfolgt die Verarbeitung ebenfalls auf der Grundlage von \u00a7 25(1) TTDSG. Die Einwilligung kann jederzeit widerrufen werden. <\/p><p data-start=\"4197\" data-end=\"4324\">Wenn Ihre Daten f\u00fcr die Vertragserf\u00fcllung oder vorvertragliche Ma\u00dfnahmen erforderlich sind, verarbeiten wir sie auf der Grundlage von Art. 6(1)(b) GDPR.<\/p><p data-start=\"4326\" data-end=\"4436\">Wenn die Verarbeitung zur Erf\u00fcllung einer rechtlichen Verpflichtung erforderlich ist, erfolgt sie auf der Grundlage von Art. 6(1)(c) GDPR.<\/p><p data-start=\"4438\" data-end=\"4524\">Die Verarbeitung kann auch auf unserem berechtigten Interesse gem\u00e4\u00df Art. 6(1)(f) GDPR.<\/p><h4 data-start=\"4531\" data-end=\"4586\">Daten\u00fcbermittlung in die USA und andere Drittl\u00e4nder<\/h4><p data-start=\"4588\" data-end=\"4724\">Wir verwenden Tools von Unternehmen mit Sitz in den USA oder anderen L\u00e4ndern, von denen wir nicht annehmen, dass sie ein angemessenes Datenschutzniveau bieten.<\/p><p data-start=\"4726\" data-end=\"4946\">Wenn diese Tools aktiv sind, k\u00f6nnen Ihre personenbezogenen Daten in diese Drittl\u00e4nder \u00fcbertragen und dort verarbeitet werden. Wir weisen darauf hin, dass in diesen L\u00e4ndern kein mit der EU vergleichbares Datenschutzniveau gew\u00e4hrleistet werden kann. <\/p><p data-start=\"4948\" data-end=\"5002\">Wir haben keinen Einfluss auf diese Verarbeitungsaktivit\u00e4ten.<\/p><h4 data-start=\"5009\" data-end=\"5039\">Widerruf Ihres Einverst\u00e4ndnisses<\/h4><p data-start=\"5041\" data-end=\"5235\">Viele Datenverarbeitungsvorg\u00e4nge sind nur mit Ihrer ausdr\u00fccklichen Zustimmung m\u00f6glich. Sie k\u00f6nnen Ihre Einwilligung jederzeit widerrufen. Die Rechtm\u00e4\u00dfigkeit der vor dem Widerruf erfolgten Datenverarbeitung bleibt hiervon unber\u00fchrt.  <\/p><h4 data-start=\"5242\" data-end=\"5276\">Recht auf Widerspruch (Art. 21 GDPR)<\/h4><p data-start=\"5278\" data-end=\"5467\">Wenn die Datenverarbeitung auf der Grundlage von Art. 6(1)(e) oder (f) GDPR beruht, haben Sie das Recht, aus Gr\u00fcnden, die sich aus Ihrer besonderen Situation ergeben, jederzeit gegen die Verarbeitung Ihrer personenbezogenen Daten Widerspruch einzulegen.<\/p><p data-start=\"5469\" data-end=\"5657\">Wenn Ihre personenbezogenen Daten f\u00fcr Direktmarketingzwecke verarbeitet werden, haben Sie das Recht, jederzeit Widerspruch einzulegen. Nach dem Widerspruch werden Ihre Daten nicht mehr f\u00fcr Direktmarketingzwecke verwendet. <\/p><h4 data-start=\"5664\" data-end=\"5694\">Recht auf Einreichung einer Beschwerde<\/h4><p data-start=\"5696\" data-end=\"5815\">Im Falle von Verst\u00f6\u00dfen gegen die DSGVO haben die betroffenen Personen das Recht, eine Beschwerde bei einer Aufsichtsbeh\u00f6rde einzureichen.<\/p><h4 data-start=\"5822\" data-end=\"5851\">Recht auf Daten\u00fcbertragbarkeit<\/h4><p data-start=\"5853\" data-end=\"6023\">Sie haben das Recht, Daten, die wir auf der Grundlage Ihrer Einwilligung oder in Erf\u00fcllung eines Vertrags automatisch verarbeiten, in einem allgemein \u00fcblichen, maschinenlesbaren Format zu erhalten.<\/p><h4 data-start=\"6030\" data-end=\"6055\">SSL- oder TLS-Verschl\u00fcsselung<\/h4><p data-start=\"6057\" data-end=\"6291\">Diese Website verwendet aus Sicherheitsgr\u00fcnden und zum Schutz der \u00dcbertragung vertraulicher Inhalte eine SSL- oder TLS-Verschl\u00fcsselung. Sie erkennen eine verschl\u00fcsselte Verbindung an dem Wechsel von &#8222;http:\/\/&#8220; zu &#8222;https:\/\/&#8220; und dem Schloss-Symbol in Ihrem Browser. <\/p><h4 data-start=\"6298\" data-end=\"6333\">Zugriff, L\u00f6schung und Berichtigung<\/h4><p data-start=\"6335\" data-end=\"6563\">Sie haben im Rahmen der geltenden gesetzlichen Bestimmungen das Recht auf unentgeltliche Auskunft \u00fcber Ihre gespeicherten personenbezogenen Daten, deren Herkunft und Empf\u00e4nger und den Zweck der Verarbeitung sowie ein Recht auf Berichtigung oder L\u00f6schung.<\/p><h4 data-start=\"6570\" data-end=\"6602\">Recht auf Einschr\u00e4nkung der Verarbeitung<\/h4><p data-start=\"6604\" data-end=\"6713\">Sie haben das Recht, unter bestimmten rechtlichen Voraussetzungen die Einschr\u00e4nkung der Verarbeitung Ihrer personenbezogenen Daten zu verlangen.<\/p><h4 data-start=\"6720\" data-end=\"6755\">Einspruch gegen Werbe-E-Mails<\/h4><p data-start=\"6757\" data-end=\"6919\">Der Nutzung von im Rahmen der Impressumspflicht ver\u00f6ffentlichten Kontaktdaten zur \u00dcbersendung von nicht ausdr\u00fccklich angeforderter Werbung und Informationsmaterialien wird hiermit widersprochen.<\/p><h3 data-start=\"6926\" data-end=\"6962\">4. Datenerfassung auf dieser Website<\/h3><h4 data-start=\"6964\" data-end=\"6974\">Cookies<\/h4><p data-start=\"6976\" data-end=\"7087\">Unsere Website verwendet sogenannte &#8222;Cookies&#8220;. Cookies sind kleine Textdateien, die keinen Schaden auf Ihrem Ger\u00e4t anrichten. <\/p><p data-start=\"7089\" data-end=\"7336\">Sie k\u00f6nnen vor\u00fcbergehend (Session-Cookies) oder dauerhaft (permanente Cookies) gespeichert werden. Sitzungscookies werden nach Ihrem Besuch automatisch gel\u00f6scht. Dauerhafte Cookies bleiben gespeichert, bis Sie sie l\u00f6schen oder die automatische L\u00f6schung \u00fcber Ihren Browser erfolgt.  <\/p><p data-start=\"7338\" data-end=\"7387\">Cookies k\u00f6nnen auch von Drittunternehmen gesetzt werden.<\/p><p data-start=\"7389\" data-end=\"7519\">Cookies dienen verschiedenen Funktionen. Einige Cookies sind technisch notwendig, da bestimmte Funktionen der Website ohne sie nicht funktionieren w\u00fcrden. <\/p><p data-start=\"7521\" data-end=\"7662\">Cookies, die f\u00fcr die elektronische Kommunikation oder zur Bereitstellung bestimmter, von Ihnen angeforderter Funktionen erforderlich sind, werden auf der Grundlage von Art. 6(1)(f) GDPR.<\/p><p data-start=\"7664\" data-end=\"7854\">Sie k\u00f6nnen Ihren Browser so konfigurieren, dass Sie \u00fcber Cookies informiert werden, Cookies nur im Einzelfall zulassen, Cookies in bestimmten F\u00e4llen ausschlie\u00dfen oder die automatische L\u00f6schung beim Schlie\u00dfen des Browsers aktivieren.<\/p><h4 data-start=\"7861\" data-end=\"7880\">Server-Protokolldateien<\/h4><p data-start=\"7882\" data-end=\"7987\">Der Anbieter der Website erhebt und speichert automatisch Informationen in Server-Protokolldateien, einschlie\u00dflich:<\/p><ul><li data-start=\"7991\" data-end=\"8017\">Browsertyp und -version<\/li><li data-start=\"8020\" data-end=\"8038\">Betriebssystem<\/li><li data-start=\"8041\" data-end=\"8055\">Referrer URL<\/li><li data-start=\"8058\" data-end=\"8090\">Hostname des zugreifenden Computers<\/li><li data-start=\"8093\" data-end=\"8117\">Uhrzeit der Serveranfrage<\/li><li data-start=\"8120\" data-end=\"8132\">IP-Adresse<\/li><\/ul><p data-start=\"8134\" data-end=\"8184\">Diese Daten werden nicht mit anderen Datenquellen zusammengef\u00fchrt.<\/p><h4 data-start=\"8191\" data-end=\"8224\">Kontakt per E-Mail, Telefon oder Fax<\/h4><p data-start=\"8226\" data-end=\"8356\">Wenn Sie mit uns Kontakt aufnehmen, wird Ihre Anfrage einschlie\u00dflich aller personenbezogenen Daten zum Zweck der Bearbeitung Ihrer Anfrage gespeichert und verarbeitet.<\/p><p data-start=\"8358\" data-end=\"8467\">Die Daten verbleiben bei uns, bis Sie die L\u00f6schung verlangen, Ihre Einwilligung widerrufen oder der Zweck entf\u00e4llt.<\/p><h3 data-start=\"8474\" data-end=\"8510\">5. Analysetools und Werbung<\/h3><h4 data-start=\"8512\" data-end=\"8531\">Google Analytics<\/h4><p data-start=\"8533\" data-end=\"8642\">Diese Website benutzt Funktionen von Google Analytics. Der Anbieter ist Google Ireland Limited, Dublin, Irland. <\/p><p data-start=\"8644\" data-end=\"8807\">Google Analytics erm\u00f6glicht die Analyse des Verhaltens der Website-Besucher. Zu den gesammelten Daten geh\u00f6ren Seitenaufrufe, Verweildauer auf den Seiten, verwendete Betriebssysteme und Herkunft der Nutzer. <\/p><p data-start=\"8809\" data-end=\"8885\">Google Analytics verwendet Technologien wie Cookies oder Device Fingerprinting.<\/p><p data-start=\"8887\" data-end=\"9044\">Die Nutzung erfolgt auf der Grundlage von Art. 6(1)(f) GDPR (berechtigtes Interesse an der Optimierung). Wenn eine Einwilligung eingeholt wurde, basiert die Verarbeitung ausschlie\u00dflich auf Art. 6(1)(a) GDPR. <\/p><p data-start=\"9046\" data-end=\"9115\">Die Daten\u00fcbermittlung in die USA erfolgt auf der Grundlage der EU-Standardvertragsklauseln.<\/p><p data-start=\"9117\" data-end=\"9235\">Sie k\u00f6nnen die Datenerfassung verhindern, indem Sie das folgende Browser-Plugin installieren:<br data-start=\"9192\" data-end=\"9195\">https:\/\/tools.google.com\/dlpage\/gaoptout<\/p><p data-start=\"9237\" data-end=\"9295\">Wir haben einen Datenverarbeitungsvertrag mit Google abgeschlossen.<\/p><p data-start=\"9297\" data-end=\"9381\">Mit Cookies oder Werbe-IDs verkn\u00fcpfte Daten werden anonymisiert oder nach 14 Monaten gel\u00f6scht.<\/p><h4 data-start=\"9388\" data-end=\"9409\">Google DoubleClick<\/h4><p data-start=\"9411\" data-end=\"9484\">Diese Website verwendet Google DoubleClick, bereitgestellt von Google Ireland Limited.<\/p><p data-start=\"9486\" data-end=\"9585\">DoubleClick wird verwendet, um interessenbezogene Werbung innerhalb des Google-Werbenetzwerks anzuzeigen.<\/p><p data-start=\"9587\" data-end=\"9664\">Es verwendet Cookies oder \u00e4hnliche Technologien, um pseudonyme Benutzerprofile zu erstellen.<\/p><p data-start=\"9666\" data-end=\"9813\">Die Nutzung erfolgt auf der Grundlage von Art. 6(1)(f) GDPR (berechtigtes Interesse an gezielter Werbung). Wenn eine Einwilligung verlangt wird, basiert die Verarbeitung auf Art. 6(1)(a) GDPR.<\/p><p data-start=\"9815\" data-end=\"9931\">Weitere Informationen:<br data-start=\"9835\" data-end=\"9838\">https:\/\/policies.google.com\/technologies\/ads<br data-start=\"9882\" data-end=\"9885\">https:\/\/adssettings.google.com\/authenticated<\/p><p data-start=\"9938\" data-end=\"9963\"><em>Zuletzt aktualisiert: 03\/2026<\/em><\/p>\t\t\t\t\t\t\t\t<\/div>\n\t\t\t\t<\/div>\n\t\t\t\t<\/div>\n\t\t\t\t<\/div>\n\t\t<div class=\"elementor-element elementor-element-0fed1d5 e-flex e-con-boxed e-con e-parent\" data-id=\"0fed1d5\" data-element_type=\"container\" data-e-type=\"container\">\n\t\t\t\t\t<div class=\"e-con-inner\">\n\t\t\t\t<div class=\"elementor-element elementor-element-8b50d23 elementor-widget elementor-widget-spacer\" data-id=\"8b50d23\" data-element_type=\"widget\" data-e-type=\"widget\" data-widget_type=\"spacer.default\">\n\t\t\t\t\t\t\t<div class=\"elementor-spacer\">\n\t\t\t<div class=\"elementor-spacer-inner\"><\/div>\n\t\t<\/div>\n\t\t\t\t\t\t<\/div>\n\t\t\t\t\t<\/div>\n\t\t\t\t<\/div>\n\t\t\t\t<\/div>\n\t\t","protected":false},"excerpt":{"rendered":"<p>Datenschutzbestimmungen 1. Datenschutz im \u00dcberblick Allgemeine Informationen Die folgenden Informationen geben einen einfachen \u00dcberblick dar\u00fcber, was mit Ihren pers\u00f6nlichen Daten geschieht, wenn Sie diese Website besuchen. Personenbezogene Daten sind alle Daten, mit denen Sie pers\u00f6nlich identifiziert werden k\u00f6nnen. Ausf\u00fchrliche Informationen zum Thema Datenschutz finden Sie in der unten aufgef\u00fchrten Datenschutzerkl\u00e4rung. Wie sammeln wir Ihre Daten? [&hellip;]<\/p>\n","protected":false},"author":1,"featured_media":8203,"parent":0,"menu_order":0,"comment_status":"closed","ping_status":"closed","template":"page-full-width.php","meta":{"footnotes":""},"class_list":["post-8238","page","type-page","status-publish","has-post-thumbnail","hentry"],"_links":{"self":[{"href":"https:\/\/taori.eu\/de\/wp-json\/wp\/v2\/pages\/8238","targetHints":{"allow":["GET"]}}],"collection":[{"href":"https:\/\/taori.eu\/de\/wp-json\/wp\/v2\/pages"}],"about":[{"href":"https:\/\/taori.eu\/de\/wp-json\/wp\/v2\/types\/page"}],"author":[{"embeddable":true,"href":"https:\/\/taori.eu\/de\/wp-json\/wp\/v2\/users\/1"}],"replies":[{"embeddable":true,"href":"https:\/\/taori.eu\/de\/wp-json\/wp\/v2\/comments?post=8238"}],"version-history":[{"count":3,"href":"https:\/\/taori.eu\/de\/wp-json\/wp\/v2\/pages\/8238\/revisions"}],"predecessor-version":[{"id":8331,"href":"https:\/\/taori.eu\/de\/wp-json\/wp\/v2\/pages\/8238\/revisions\/8331"}],"wp:featuredmedia":[{"embeddable":true,"href":"https:\/\/taori.eu\/de\/wp-json\/wp\/v2\/media\/8203"}],"wp:attachment":[{"href":"https:\/\/taori.eu\/de\/wp-json\/wp\/v2\/media?parent=8238"}],"curies":[{"name":"wp","href":"https:\/\/api.w.org\/{rel}","templated":true}]}}