{"id":8255,"date":"2026-02-19T17:10:26","date_gmt":"2026-02-19T17:10:26","guid":{"rendered":"https:\/\/taori.eu\/taori-team\/"},"modified":"2026-04-13T13:36:51","modified_gmt":"2026-04-13T13:36:51","slug":"team","status":"publish","type":"page","link":"https:\/\/taori.eu\/de\/team\/","title":{"rendered":"Taori Team"},"content":{"rendered":"\t\t<div data-elementor-type=\"wp-page\" data-elementor-id=\"8255\" class=\"elementor elementor-8255 elementor-7286\">\n\t\t\t\t<div class=\"elementor-element elementor-element-962f039 e-flex e-con-boxed e-con e-parent\" data-id=\"962f039\" data-element_type=\"container\" data-e-type=\"container\">\n\t\t\t\t\t<div class=\"e-con-inner\">\n\t\t\t\t\t<\/div>\n\t\t\t\t<\/div>\n\t\t<div class=\"elementor-element elementor-element-00265fc e-con-full qodef-elementor-content-grid e-flex e-con e-parent\" data-id=\"00265fc\" data-element_type=\"container\" data-e-type=\"container\" data-settings=\"{&quot;background_background&quot;:&quot;classic&quot;}\">\n\t\t\t\t<div class=\"elementor-element elementor-element-109d3d4 elementor-widget elementor-widget-neotek_core_section_title\" data-id=\"109d3d4\" data-element_type=\"widget\" data-e-type=\"widget\" data-widget_type=\"neotek_core_section_title.default\">\n\t\t\t\t<div class=\"elementor-widget-container\">\n\t\t\t\t\t<div class=\"qodef-shortcode qodef-m qodef-section-title qodef-alignment--center\">\n\t\t<h1 class=\"qodef-m-title\" >\n\t\t\t\t\tDie Menschen hinter Taori\t\t\t<\/h1>\n\t\t\t<p class=\"qodef-m-text\" >Wir vereinen Kernkompetenzen und jahrelange Erfahrung in der Entwicklung von Hardware, Software und Dateninfrastruktur.<\/p>\n<\/div>\n\t\t\t\t<\/div>\n\t\t\t\t<\/div>\n\t\t\t\t<\/div>\n\t\t<div class=\"elementor-element elementor-element-7e56fba e-con-full e-flex e-con e-parent\" data-id=\"7e56fba\" data-element_type=\"container\" data-e-type=\"container\" data-settings=\"{&quot;background_background&quot;:&quot;classic&quot;}\">\n\t\t\t\t<div class=\"elementor-element elementor-element-e0a903b elementor-widget__width-auto elementor-widget elementor-widget-link-in-bio\" data-id=\"e0a903b\" data-element_type=\"widget\" data-e-type=\"widget\" data-widget_type=\"link-in-bio.default\">\n\t\t\t\t<div class=\"elementor-widget-container\">\n\t\t\t\t\t\t\t<div class=\"e-link-in-bio e-link-in-bio has-border is-full-width\">\n\t\t\t<div class=\"e-link-in-bio__content\">\n\n\t\t\t\t\t\t<div class=\"e-link-in-bio__identity\">\n\t\t\t\t\t\t\t\t\t<div class=\"e-link-in-bio__identity-image e-link-in-bio__identity-image-profile has-style-circle\">\n\t\t\t\t\t\t\t<img fetchpriority=\"high\" decoding=\"async\" width=\"247\" height=\"300\" src=\"https:\/\/taori.eu\/wp-content\/uploads\/2026\/03\/Jasmin-black-white.png\" class=\"e-link-in-bio__identity-image-element\" alt=\"\" \/>\t\t\t\t\t\t\t\t\t\t\t\t\t<\/div>\n\t\t\t\t\t\t\t<\/div>\n\t\t\t\t\t<div class=\"e-link-in-bio__bio\">\n\t\t\t\t<h2 class=\"e-link-in-bio__heading\">Jasmin Tesch<\/h2>\t\t\t\t<h3 class=\"e-link-in-bio__title\">CEO &amp; Dateningenieurin<\/h3>\t\t\t\t\t\t\t\t<p class=\"e-link-in-bio__description\">Jasmin hat 6+ Jahre Berufserfahrung im Aufbau intelligenter Datenpipelines, im Forschungsdatenmanagement (FDM), in der Web-Entwicklung und in der Impact Analyse. Sie ist eine Expertin auf ihrem Gebiet und veranstaltet regelm\u00e4\u00dfig FDM-Workshops, unterrichtet Master Kurse an der Universit\u00e4t und arbeitet in Teilzeit als Forschungsdatenmanagerin. <\/p>\t\t\t<\/div>\n\t\t\t\t\t<div class=\"e-link-in-bio__icons has-size-small\">\n\t\t\t\t\t\t\t<div class=\"e-link-in-bio__icon is-size-small\">\n\t\t\t\t\t<a href=\"http:\/\/www.linkedin.com\/in\/jasmintesch\/\" target=\"_blank\" rel=\"noopener \" aria-label=\"LinkedIn\" class=\"e-link-in-bio__icon-link\">\n\t\t\t\t\t\t<span class=\"e-link-in-bio__icon-svg\">\n\t\t\t\t\t\t\t<svg aria-hidden=\"true\" class=\"e-font-icon-svg e-fab-linkedin-in\" viewBox=\"0 0 448 512\" xmlns=\"http:\/\/www.w3.org\/2000\/svg\"><path d=\"M100.28 448H7.4V148.9h92.88zM53.79 108.1C24.09 108.1 0 83.5 0 53.8a53.79 53.79 0 0 1 107.58 0c0 29.7-24.1 54.3-53.79 54.3zM447.9 448h-92.68V302.4c0-34.7-.7-79.2-48.29-79.2-48.29 0-55.69 37.7-55.69 76.7V448h-92.78V148.9h89.08v40.8h1.3c12.4-23.5 42.69-48.3 87.88-48.3 94 0 111.28 61.9 111.28 142.3V448z\"><\/path><\/svg>\t\t\t\t\t\t<\/span>\n\t\t\t\t\t\t\t\t\t\t\t<\/a>\n\t\t\t\t<\/div>\n\t\t\t\t\t<\/div>\n\t\t\n\t\t<div class=\"e-link-in-bio__ctas has-type-link\">\n\t\t\t\t\t\t\t<a href=\"#\" target=\"_blank\" rel=\"noopener \" class=\"e-link-in-bio__cta is-type-link\">\n\t\t\t\t\t\t\t\t\t\t<span class=\"e-link-in-bio__cta-text\">\n\t\t\t\t\t\tKontaktieren Sie uns\t\t\t\t\t<\/span>\n\t\t\t\t<\/a>\n\t\t\t\t\t<\/div>\n\t\t\n\t\t\t<\/div>\n\t\t\t<div class=\"e-link-in-bio__bg\">\n\t\t\t\t<div class=\"e-link-in-bio__bg-overlay\"><\/div>\n\t\t\t<\/div>\n\t\t<\/div>\n\t\t\t\t\t\t<\/div>\n\t\t\t\t<\/div>\n\t\t\t\t<div class=\"elementor-element elementor-element-c2c0647 elementor-widget elementor-widget-link-in-bio\" data-id=\"c2c0647\" data-element_type=\"widget\" data-e-type=\"widget\" data-widget_type=\"link-in-bio.default\">\n\t\t\t\t<div class=\"elementor-widget-container\">\n\t\t\t\t\t\t\t<div class=\"e-link-in-bio e-link-in-bio has-border is-full-width\">\n\t\t\t<div class=\"e-link-in-bio__content\">\n\n\t\t\t\t\t\t<div class=\"e-link-in-bio__identity\">\n\t\t\t\t\t\t\t\t\t<div class=\"e-link-in-bio__identity-image e-link-in-bio__identity-image-profile has-style-circle\">\n\t\t\t\t\t\t\t<img decoding=\"async\" width=\"300\" height=\"300\" src=\"https:\/\/taori.eu\/wp-content\/uploads\/2026\/03\/Delon.jpg\" class=\"e-link-in-bio__identity-image-element\" alt=\"\" \/>\t\t\t\t\t\t\t\t\t\t\t\t\t<\/div>\n\t\t\t\t\t\t\t<\/div>\n\t\t\t\t\t<div class=\"e-link-in-bio__bio\">\n\t\t\t\t<h2 class=\"e-link-in-bio__heading\">Delon Wagner<\/h2>\t\t\t\t<h3 class=\"e-link-in-bio__title\">CTO &amp; Hardware-Spezialist<\/h3>\t\t\t\t\t\t\t\t<p class=\"e-link-in-bio__description\">Delon ist ein elektronisches Superhirn. Dinge, die Delon baut, funktionieren. In seinen \u00fcber 15 Jahren Berufserfahrung hat er eine Reihe innovativer L\u00f6sungen f\u00fcr verschiedene Forschungsprojekte, aber auch f\u00fcr Partner wie das CERN entwickelt. Au\u00dferdem ist er Gr\u00fcnder und CEO des Hardware-Start-ups Cynus. Seine Erfahrungen sind eine wertvolle Bereicherung f\u00fcr die Entwicklung von Taori.     \n<\/p>\t\t\t<\/div>\n\t\t\t\t\t<div class=\"e-link-in-bio__icons has-size-small\">\n\t\t\t\t\t\t\t<div class=\"e-link-in-bio__icon is-size-small\">\n\t\t\t\t\t<a href=\"http:\/\/www.linkedin.com\/in\/delon-wagner\/\" target=\"_blank\" rel=\"noopener \" aria-label=\"LinkedIn\" class=\"e-link-in-bio__icon-link\">\n\t\t\t\t\t\t<span class=\"e-link-in-bio__icon-svg\">\n\t\t\t\t\t\t\t<svg aria-hidden=\"true\" class=\"e-font-icon-svg e-fab-linkedin-in\" viewBox=\"0 0 448 512\" xmlns=\"http:\/\/www.w3.org\/2000\/svg\"><path d=\"M100.28 448H7.4V148.9h92.88zM53.79 108.1C24.09 108.1 0 83.5 0 53.8a53.79 53.79 0 0 1 107.58 0c0 29.7-24.1 54.3-53.79 54.3zM447.9 448h-92.68V302.4c0-34.7-.7-79.2-48.29-79.2-48.29 0-55.69 37.7-55.69 76.7V448h-92.78V148.9h89.08v40.8h1.3c12.4-23.5 42.69-48.3 87.88-48.3 94 0 111.28 61.9 111.28 142.3V448z\"><\/path><\/svg>\t\t\t\t\t\t<\/span>\n\t\t\t\t\t\t\t\t\t\t\t<\/a>\n\t\t\t\t<\/div>\n\t\t\t\t\t<\/div>\n\t\t\n\t\t<div class=\"e-link-in-bio__ctas has-type-link\">\n\t\t\t\t\t\t\t<a href=\"#\" target=\"_blank\" rel=\"noopener \" class=\"e-link-in-bio__cta is-type-link\">\n\t\t\t\t\t\t\t\t\t\t<span class=\"e-link-in-bio__cta-text\">\n\t\t\t\t\t\tKontaktieren Sie uns\t\t\t\t\t<\/span>\n\t\t\t\t<\/a>\n\t\t\t\t\t<\/div>\n\t\t\n\t\t\t<\/div>\n\t\t\t<div class=\"e-link-in-bio__bg\">\n\t\t\t\t<div class=\"e-link-in-bio__bg-overlay\"><\/div>\n\t\t\t<\/div>\n\t\t<\/div>\n\t\t\t\t\t\t<\/div>\n\t\t\t\t<\/div>\n\t\t\t\t<\/div>\n\t\t<div class=\"elementor-element elementor-element-f661635 e-flex e-con-boxed e-con e-parent\" data-id=\"f661635\" data-element_type=\"container\" data-e-type=\"container\">\n\t\t\t\t\t<div class=\"e-con-inner\">\n\t\t\t\t<div class=\"elementor-element elementor-element-3877a9c elementor-widget elementor-widget-spacer\" data-id=\"3877a9c\" data-element_type=\"widget\" data-e-type=\"widget\" data-widget_type=\"spacer.default\">\n\t\t\t\t\t\t\t<div class=\"elementor-spacer\">\n\t\t\t<div class=\"elementor-spacer-inner\"><\/div>\n\t\t<\/div>\n\t\t\t\t\t\t<\/div>\n\t\t\t\t\t<\/div>\n\t\t\t\t<\/div>\n\t\t\t\t<\/div>\n\t\t","protected":false},"excerpt":{"rendered":"<p>Die Menschen hinter Taori Wir vereinen Kernkompetenzen und jahrelange Erfahrung in der Entwicklung von Hardware, Software und Dateninfrastruktur. Jasmin Tesch CEO &amp; Dateningenieurin Jasmin hat 6+ Jahre Berufserfahrung im Aufbau intelligenter Datenpipelines, im Forschungsdatenmanagement (FDM), in der Web-Entwicklung und in der Impact Analyse. Sie ist eine Expertin auf ihrem Gebiet und veranstaltet regelm\u00e4\u00dfig FDM-Workshops, unterrichtet [&hellip;]<\/p>\n","protected":false},"author":1,"featured_media":8203,"parent":0,"menu_order":0,"comment_status":"closed","ping_status":"closed","template":"page-full-width.php","meta":{"footnotes":""},"class_list":["post-8255","page","type-page","status-publish","has-post-thumbnail","hentry"],"_links":{"self":[{"href":"https:\/\/taori.eu\/de\/wp-json\/wp\/v2\/pages\/8255","targetHints":{"allow":["GET"]}}],"collection":[{"href":"https:\/\/taori.eu\/de\/wp-json\/wp\/v2\/pages"}],"about":[{"href":"https:\/\/taori.eu\/de\/wp-json\/wp\/v2\/types\/page"}],"author":[{"embeddable":true,"href":"https:\/\/taori.eu\/de\/wp-json\/wp\/v2\/users\/1"}],"replies":[{"embeddable":true,"href":"https:\/\/taori.eu\/de\/wp-json\/wp\/v2\/comments?post=8255"}],"version-history":[{"count":5,"href":"https:\/\/taori.eu\/de\/wp-json\/wp\/v2\/pages\/8255\/revisions"}],"predecessor-version":[{"id":8381,"href":"https:\/\/taori.eu\/de\/wp-json\/wp\/v2\/pages\/8255\/revisions\/8381"}],"wp:featuredmedia":[{"embeddable":true,"href":"https:\/\/taori.eu\/de\/wp-json\/wp\/v2\/media\/8203"}],"wp:attachment":[{"href":"https:\/\/taori.eu\/de\/wp-json\/wp\/v2\/media?parent=8255"}],"curies":[{"name":"wp","href":"https:\/\/api.w.org\/{rel}","templated":true}]}}